{"id":1454,"date":"2018-06-25T05:32:59","date_gmt":"2018-06-25T05:32:59","guid":{"rendered":"http:\/\/sw-themes.com\/porto_dummy\/?page_id=1454"},"modified":"2021-01-07T11:44:11","modified_gmt":"2021-01-07T11:44:11","slug":"kontakt","status":"publish","type":"page","link":"https:\/\/www.kitesurf.pl\/sklep\/kontakt\/","title":{"rendered":"Kontakt"},"content":{"rendered":"<p>[vc_row][vc_column][vc_column_text]<iframe loading=\"lazy\" src=\"https:\/\/www.google.com\/maps\/d\/u\/1\/embed?mid=1jRVy3lvPjvODKOoE2Q8rxVl7Q5Cq4EE_\" width=\"1920\" height=\"480\"><\/iframe>[\/vc_column_text][vc_separator color=&#8221;custom&#8221; gradient=&#8221;yes&#8221;][\/vc_column][\/vc_row][vc_row css=&#8221;.vc_custom_1578503351518{margin-left: 130px !important;}&#8221;][vc_column width=&#8221;1\/2&#8243;][vc_custom_heading text=&#8221;<strong>BIURO SKLEPU KITE ZONE &#8211; CHA\u0141UPY 3<\/strong>&#8221; font_container=&#8221;tag:h4|text_align:left&#8221; use_theme_fonts=&#8221;yes&#8221; skin=&#8221;primary&#8221; css=&#8221;.vc_custom_1583863101642{margin-bottom: 20px !important;}&#8221;]<div class=\"porto-sicon-box style_1 default-icon\"><div class=\"porto-sicon-default\"><div id=\"porto-icon-619736269e3bd569dd59\" class=\"porto-just-icon-wrapper\" style=\"text-align:center;\">\n<div class=\"porto-icon circle \"  style=\"color:#ffffff;background:#ffdd00;font-size:14px;display:inline-block;\">\n\t<i class=\"fas fa-map-marker-alt\"><\/i>\n<\/div><\/div><\/div><div class=\"porto-sicon-header\" ><h3 class=\"porto-sicon-title\" style=\"font-size:14px;color:#777777;\"><strong>Szko\u0142a Kitesurfingu Kite Zone<\/strong><\/h3><p style=\"font-size:14px;\">ul. Starowiejska, Kemping Cha\u0142upy 3<br \/>\n84 \u2013 120 W\u0142adys\u0142awowo<\/p><\/div> <!-- header --><\/div> <!-- porto-sicon-box --><div class=\"porto-sicon-box style_1 default-icon\"><div class=\"porto-sicon-default\"><div id=\"porto-icon-86113325069e3bd569e109\" class=\"porto-just-icon-wrapper\" style=\"text-align:center;\">\n<div class=\"porto-icon circle \"  style=\"color:#ffffff;background:#ffdd00;font-size:14px;display:inline-block;\">\n\t<i class=\"fas fa-phone\"><\/i>\n<\/div><\/div><\/div><div class=\"porto-sicon-header\" ><h3 class=\"porto-sicon-title\" style=\"font-size:14px;color:#777777;\"><strong>Telefon:<\/strong> +48 507 029 989<\/h3><\/div> <!-- header --><\/div> <!-- porto-sicon-box --><div class=\"porto-sicon-box style_1 default-icon\"><div class=\"porto-sicon-default\"><div id=\"porto-icon-181953395769e3bd569e464\" class=\"porto-just-icon-wrapper\" style=\"text-align:center;\">\n<div class=\"porto-icon circle \"  style=\"color:#ffffff;background:#ffdd00;font-size:14px;display:inline-block;\">\n\t<i class=\"fas fa-envelope\"><\/i>\n<\/div><\/div><\/div><div class=\"porto-sicon-header\" ><h3 class=\"porto-sicon-title\" style=\"font-size:14px;color:#777777;\"><strong>Email:<\/strong> sklep@kitesurf.pl<\/h3><\/div> <!-- header --><\/div> <!-- porto-sicon-box -->[\/vc_column][vc_column width=&#8221;1\/2&#8243;][vc_custom_heading text=&#8221;<strong>DANE REJESTROWE FIRMY<\/strong>&#8221; font_container=&#8221;tag:h4|text_align:left&#8221; use_theme_fonts=&#8221;yes&#8221; skin=&#8221;primary&#8221; css=&#8221;.vc_custom_1583863116481{margin-bottom: 20px !important;}&#8221;]<div class=\"porto-sicon-box style_1 default-icon\"><div class=\"porto-sicon-header\" ><h3 class=\"porto-sicon-title\" style=\"font-size:14px;color:#777777;\"><strong>Format7 Bartosz Czernik<\/strong><\/h3><p style=\"font-size:14px;\">ul. Powsta\u0144c\u00f3w \u015al\u0105skich 162\/32<br \/>\n53-139 Wroc\u0142aw<br \/>\nNIP: 8992686274<\/p><\/div> <!-- header --><\/div> <!-- porto-sicon-box --><div class=\"porto-sicon-box style_1 default-icon\"><div class=\"porto-sicon-header\" ><h3 class=\"porto-sicon-title\" style=\"font-size:14px;color:#777777;\"><strong>Alior Bank<\/strong><\/h3><p style=\"font-size:14px;\">56 2490 0005 0000 4530 4138 0632<\/p><\/div> <!-- header --><\/div> <!-- porto-sicon-box -->[\/vc_column][\/vc_row][vc_row wrap_container=&#8221;yes&#8221; el_class=&#8221;m-b-xl&#8221; css=&#8221;.vc_custom_1578503379214{margin-top: 30px !important;}&#8221;][vc_column]<div role=\"form\" class=\"wpcf7\" id=\"wpcf7-f1456-o1\" lang=\"en-US\" dir=\"ltr\">\n<div class=\"screen-reader-response\"><\/div>\n<form action=\"\/sklep\/wp-json\/wp\/v2\/pages\/1454#wpcf7-f1456-o1\" method=\"post\" class=\"wpcf7-form\" novalidate=\"novalidate\">\n<div style=\"display: none;\">\n<input type=\"hidden\" name=\"_wpcf7\" value=\"1456\" \/>\n<input type=\"hidden\" name=\"_wpcf7_version\" value=\"5.1.6\" \/>\n<input type=\"hidden\" name=\"_wpcf7_locale\" value=\"en_US\" \/>\n<input type=\"hidden\" name=\"_wpcf7_unit_tag\" value=\"wpcf7-f1456-o1\" \/>\n<input type=\"hidden\" name=\"_wpcf7_container_post\" value=\"0\" \/>\n<\/div>\n<h4 class=\"short\"><strong>FORMULARZ KONTAKTOWY<\/strong><\/h4>\n<div class=\"row\">\n<div class=\"col-lg-6\">\n<div class=\"form-group\">\n            <label for=\"contact-name\">Imi\u0119 *<\/label><br \/>\n            <span class=\"wpcf7-form-control-wrap your-name\"><input type=\"text\" name=\"your-name\" value=\"\" size=\"40\" class=\"wpcf7-form-control wpcf7-text wpcf7-validates-as-required form-control\" id=\"contact-name\" aria-required=\"true\" aria-invalid=\"false\" \/><\/span>\n        <\/div><\/div>\n<div class=\"col-lg-6\">\n<div class=\"form-group\">\n            <label for=\"contact-email\">Tw\u00f3j adres email *<\/label><br \/>\n            <span class=\"wpcf7-form-control-wrap your-email\"><input type=\"email\" name=\"your-email\" value=\"\" size=\"40\" class=\"wpcf7-form-control wpcf7-text wpcf7-email wpcf7-validates-as-required wpcf7-validates-as-email form-control\" id=\"contact-email\" aria-required=\"true\" aria-invalid=\"false\" \/><\/span>\n        <\/div><\/div>\n<div class=\"col-lg-12\">\n<div class=\"form-group\">\n            <label for=\"contact-subject\">Temat<\/label><br \/>\n            <span class=\"wpcf7-form-control-wrap your-subject\"><input type=\"text\" name=\"your-subject\" value=\"\" size=\"40\" class=\"wpcf7-form-control wpcf7-text form-control\" id=\"contact-subject\" aria-invalid=\"false\" \/><\/span>\n        <\/div><\/div>\n<div class=\"col-lg-12\">\n<div class=\"form-group\">\n            <label for=\"contact-message\">Twoja wiadomo\u015b\u0107<\/label><br \/>\n            <span class=\"wpcf7-form-control-wrap your-message\"><textarea name=\"your-message\" cols=\"40\" rows=\"10\" class=\"wpcf7-form-control wpcf7-textarea form-control\" id=\"contact-message\" aria-invalid=\"false\"><\/textarea><\/span>\n        <\/div><\/div>\n<div class=\"col-lg-12\">\n<div class=\"form-group\">\n            <input type=\"submit\" value=\"Wy\u015blij wiadomo\u015b\u0107\" class=\"wpcf7-form-control wpcf7-submit btn btn-primary btn-lg\" \/>\n        <\/div><\/div>\n<\/div>\n<div class=\"wpcf7-response-output wpcf7-display-none\"><\/div><\/form><\/div>[vc_custom_heading text=&#8221;<strong>OBOWI\u0104ZEK INFORMACYJNY RODO<\/strong>&#8221; font_container=&#8221;tag:h4|text_align:left&#8221; use_theme_fonts=&#8221;yes&#8221; skin=&#8221;primary&#8221; el_class=&#8221;m-t&#8221;][vc_column_text]Informujemy, \u017ce Administratorem Pa\u0144stwa danych osobowych jest Format7 Bartosz Czernik z siedzib\u0105 we Wroc\u0142awiu ul. Powsta\u0144c\u00f3w \u015al\u0105skich 162\/32, 53-139 Wroc\u0142aw tel. kontaktowy: 602 833 224 Dane przetwarzane s\u0105 na podstawie art. 6 ust. 1 lit. a, b lub f og\u00f3lnego rozporz\u0105dzenia o ochronie danych osobowych z 27 kwietnia 2016r. w szczeg\u00f3lno\u015bci w celu przesy\u0142ania informacji handlowych, bezpo\u015bredniego kontaktu z klientem\/pracownikiem oraz wykonania \u015bwiadczonych przez Administratora us\u0142ug. Administrator nie udost\u0119pnia danych ani nie przekazuje danych do pa\u0144stwa trzeciego\/organizacji mi\u0119dzynarodowej. Dane osobowe b\u0119d\u0105 przechowywane w czasie niezb\u0119dnym do zrealizowania celu, maksymalnie przez okres 10 lat. Osobie, kt\u00f3rej dane dotycz\u0105 przys\u0142uguje prawo dost\u0119pu do swoich danych, ich poprawiania, sprostowania, usuni\u0119cia, ograniczenia przetwarzania, przeniesienia oraz wniesienia skargi do organu nadzorczego. Dane nie b\u0119d\u0105 podlega\u0107 zautomatyzowanemu przetwarzaniu, w tym profilowaniu. Podanie danych jest dobrowolne, ale niezb\u0119dne do realizacji wskazanego wy\u017cej celu. Dane s\u0105 powierzane w niezb\u0119dnym zakresie takim podmiotom jak m. in. kancelaria notarialna, kancelaria prawna, informatyk, firma obs\u0142uguj\u0105ca mailing oraz organom pa\u0144stwowym zgodnie z obowi\u0105zuj\u0105cymi przepisami.[\/vc_column_text][vc_separator color=&#8221;custom&#8221; gradient=&#8221;yes&#8221;][\/vc_column][\/vc_row]<\/p>\n","protected":false},"excerpt":{"rendered":"<p>[vc_row][vc_column][vc_column_text][\/vc_column_text][vc_separator color=&#8221;custom&#8221; gradient=&#8221;yes&#8221;][\/vc_column][\/vc_row][vc_row css=&#8221;.vc_custom_1578503351518{margin-left: 130px !important;}&#8221;][vc_column width=&#8221;1\/2&#8243;][vc_custom_heading text=&#8221;BIURO SKLEPU KITE ZONE &#8211; CHA\u0141UPY 3&#8221; font_container=&#8221;tag:h4|text_align:left&#8221; use_theme_fonts=&#8221;yes&#8221; skin=&#8221;primary&#8221; css=&#8221;.vc_custom_1583863101642{margin-bottom: 20px !important;}&#8221;][\/vc_column][vc_column width=&#8221;1\/2&#8243;][vc_custom_heading text=&#8221;DANE REJESTROWE FIRMY&#8221; font_container=&#8221;tag:h4|text_align:left&#8221; use_theme_fonts=&#8221;yes&#8221; skin=&#8221;primary&#8221; css=&#8221;.vc_custom_1583863116481{margin-bottom: 20px !important;}&#8221;][\/vc_column][\/vc_row][vc_row wrap_container=&#8221;yes&#8221; el_class=&#8221;m-b-xl&#8221; css=&#8221;.vc_custom_1578503379214{margin-top: 30px !important;}&#8221;][vc_column][vc_custom_heading text=&#8221;OBOWI\u0104ZEK INFORMACYJNY RODO&#8221; font_container=&#8221;tag:h4|text_align:left&#8221; use_theme_fonts=&#8221;yes&#8221; skin=&#8221;primary&#8221; el_class=&#8221;m-t&#8221;][vc_column_text]Informujemy, \u017ce Administratorem Pa\u0144stwa danych osobowych jest Format7 Bartosz Czernik z siedzib\u0105 we Wroc\u0142awiu [&hellip;]<\/p>\n","protected":false},"author":1,"featured_media":0,"parent":0,"menu_order":0,"comment_status":"closed","ping_status":"closed","template":"","meta":[],"_links":{"self":[{"href":"https:\/\/www.kitesurf.pl\/sklep\/wp-json\/wp\/v2\/pages\/1454"}],"collection":[{"href":"https:\/\/www.kitesurf.pl\/sklep\/wp-json\/wp\/v2\/pages"}],"about":[{"href":"https:\/\/www.kitesurf.pl\/sklep\/wp-json\/wp\/v2\/types\/page"}],"author":[{"embeddable":true,"href":"https:\/\/www.kitesurf.pl\/sklep\/wp-json\/wp\/v2\/users\/1"}],"replies":[{"embeddable":true,"href":"https:\/\/www.kitesurf.pl\/sklep\/wp-json\/wp\/v2\/comments?post=1454"}],"version-history":[{"count":10,"href":"https:\/\/www.kitesurf.pl\/sklep\/wp-json\/wp\/v2\/pages\/1454\/revisions"}],"predecessor-version":[{"id":6916,"href":"https:\/\/www.kitesurf.pl\/sklep\/wp-json\/wp\/v2\/pages\/1454\/revisions\/6916"}],"wp:attachment":[{"href":"https:\/\/www.kitesurf.pl\/sklep\/wp-json\/wp\/v2\/media?parent=1454"}],"curies":[{"name":"wp","href":"https:\/\/api.w.org\/{rel}","templated":true}]}}