{"id":9,"date":"2018-06-20T02:46:35","date_gmt":"2018-06-20T02:46:35","guid":{"rendered":"http:\/\/sw-themes.com\/porto_dummy\/?page_id=9"},"modified":"2025-09-07T15:34:38","modified_gmt":"2025-09-07T15:34:38","slug":"home","status":"publish","type":"page","link":"https:\/\/www.kitesurf.pl\/sklep\/","title":{"rendered":"Home"},"content":{"rendered":"<p>[vc_row full_width=&#8221;stretch_row_content_no_spaces&#8221;][vc_column][vc_column_text]\n\t\t\t<!-- START Strona glowna 2 REVOLUTION SLIDER 6.1.3 --><p class=\"rs-p-wp-fix\"><\/p>\n\t\t\t<rs-module-wrap id=\"rev_slider_2_1_wrapper\" data-source=\"gallery\" style=\"background:#000000;padding:0;margin:0px auto;margin-top:0;margin-bottom:0;max-width:\">\n\t\t\t\t<rs-module id=\"rev_slider_2_1\" style=\"display:none;\" data-version=\"6.1.3\">\n\t\t\t\t\t<rs-slides>\n\t\t\t\t\t\t<rs-slide data-key=\"rs-7\" data-title=\"Slide\" data-thumb=\"\/\/www.kitesurf.pl\/sklep\/wp-content\/uploads\/2022\/07\/P1209333-scaled-100x50.jpg\" data-anim=\"ei:d;eo:d;s:1000;r:0;t:fade;sl:0;\">\n\t\t\t\t\t\t\t<img src=\"\/\/www.kitesurf.pl\/sklep\/wp-content\/uploads\/2022\/07\/P1209333-scaled.jpg\" title=\"P1209333\" width=\"1707\" height=\"2560\" data-bg=\"p:50% 42%;\" class=\"rev-slidebg\" data-no-retina>\n<!--\n\t\t\t\t\t\t\t--><rs-layer\n\t\t\t\t\t\t\t\tid=\"slider-2-slide-7-layer-2\" \n\t\t\t\t\t\t\t\tdata-type=\"text\"\n\t\t\t\t\t\t\t\tdata-color=\"#fff\"\n\t\t\t\t\t\t\t\tdata-rsp_ch=\"on\"\n\t\t\t\t\t\t\t\tdata-xy=\"x:164px;y:189px;\"\n\t\t\t\t\t\t\t\tdata-text=\"s:52;l:60;ls:-1;fw:700;\"\n\t\t\t\t\t\t\t\tdata-frame_999=\"o:0;st:w;sR:8700;\"\n\t\t\t\t\t\t\t\tstyle=\"z-index:10;font-family:Poppins;text-transform:uppercase;\"\n\t\t\t\t\t\t\t>-20% na bluzy i koszulki<BR>\n z kodem: WIEJE20 \n\t\t\t\t\t\t\t<\/rs-layer><!--\n\n\t\t\t\t\t\t\t--><a\n\t\t\t\t\t\t\t\tid=\"slider-2-slide-7-layer-3\" \n\t\t\t\t\t\t\t\tclass=\"rs-layer rev-btn\"\n\t\t\t\t\t\t\t\thref=\"https:\/\/www.kitesurf.pl\/sklep\/odziez\/\" target=\"_self\" rel=\"nofollow\"\n\t\t\t\t\t\t\t\tdata-type=\"button\"\n\t\t\t\t\t\t\t\tdata-color=\"#092721\"\n\t\t\t\t\t\t\t\tdata-rsp_ch=\"on\"\n\t\t\t\t\t\t\t\tdata-xy=\"x:165px;y:318px;\"\n\t\t\t\t\t\t\t\tdata-text=\"w:normal;s:14;l:50;fw:700;\"\n\t\t\t\t\t\t\t\tdata-dim=\"minh:0px;\"\n\t\t\t\t\t\t\t\tdata-padding=\"r:20;l:20;\"\n\t\t\t\t\t\t\t\tdata-frame_999=\"o:0;st:12900;sR:8700;\"\n\t\t\t\t\t\t\t\tdata-frame_hover=\"c:#000;bgc:#fff;bor:0px,0px,0px,0px;sp:200;e:Power1.easeInOut;\"\n\t\t\t\t\t\t\t\tstyle=\"z-index:9;background-color:#ffe254;font-family:Poppins;\"\n\t\t\t\t\t\t\t>DARMOWA DOSTAWA \n\t\t\t\t\t\t\t<\/a><!--\n\n\t\t\t\t\t\t\t--><a\n\t\t\t\t\t\t\t\tid=\"slider-2-slide-7-layer-5\" \n\t\t\t\t\t\t\t\tclass=\"rs-layer rev-btn\"\n\t\t\t\t\t\t\t\thref=\"https:\/\/www.kitesurf.pl\/sklep\/odziez\/\" target=\"_self\" rel=\"nofollow\"\n\t\t\t\t\t\t\t\tdata-type=\"button\"\n\t\t\t\t\t\t\t\tdata-color=\"#092721\"\n\t\t\t\t\t\t\t\tdata-rsp_ch=\"on\"\n\t\t\t\t\t\t\t\tdata-xy=\"x:368px;y:318px;\"\n\t\t\t\t\t\t\t\tdata-text=\"w:normal;s:14;l:50;fw:700;\"\n\t\t\t\t\t\t\t\tdata-dim=\"minh:0px;\"\n\t\t\t\t\t\t\t\tdata-padding=\"r:20;l:20;\"\n\t\t\t\t\t\t\t\tdata-frame_999=\"o:0;st:w;sR:8700;\"\n\t\t\t\t\t\t\t\tdata-frame_hover=\"c:#000;bgc:#fff;bor:0px,0px,0px,0px;sp:200;e:Power1.easeInOut;\"\n\t\t\t\t\t\t\t\tstyle=\"z-index:9;background-color:#ffe254;font-family:Poppins;\"\n\t\t\t\t\t\t\t>ZAM\u00d3W JU\u017b TERAZ \n\t\t\t\t\t\t\t<\/a><!--\n-->\t\t\t\t\t\t<\/rs-slide>\n\t\t\t\t\t\t<rs-slide data-key=\"rs-4\" data-title=\"Slide\" data-thumb=\"\/\/www.kitesurf.pl\/sklep\/wp-content\/uploads\/2025\/12\/kite-3-scaled-100x50.jpg\" data-anim=\"ei:d;eo:d;s:1000;r:0;t:fade;sl:0;\">\n\t\t\t\t\t\t\t<img src=\"\/\/www.kitesurf.pl\/sklep\/wp-content\/uploads\/2025\/12\/kite-3-scaled.jpg\" title=\"kite-3\" width=\"2560\" height=\"1839\" class=\"rev-slidebg\" data-no-retina>\n<!--\n\t\t\t\t\t\t\t--><rs-layer\n\t\t\t\t\t\t\t\tid=\"slider-2-slide-4-layer-2\" \n\t\t\t\t\t\t\t\tdata-type=\"text\"\n\t\t\t\t\t\t\t\tdata-color=\"#fff\"\n\t\t\t\t\t\t\t\tdata-rsp_ch=\"on\"\n\t\t\t\t\t\t\t\tdata-xy=\"x:92px;y:189px;\"\n\t\t\t\t\t\t\t\tdata-text=\"s:52;l:60;ls:-1;fw:700;\"\n\t\t\t\t\t\t\t\tdata-frame_999=\"o:0;st:9000;\"\n\t\t\t\t\t\t\t\tstyle=\"z-index:5;font-family:Poppins;text-transform:uppercase;\"\n\t\t\t\t\t\t\t>VOUCHERY PREZENTOWE<BR>\nSPRAWD\u0179 NASZE PROPOZYCJE!  \n\t\t\t\t\t\t\t<\/rs-layer><!--\n\n\t\t\t\t\t\t\t--><a\n\t\t\t\t\t\t\t\tid=\"slider-2-slide-4-layer-3\" \n\t\t\t\t\t\t\t\tclass=\"rs-layer rev-btn\"\n\t\t\t\t\t\t\t\thref=\"https:\/\/www.kitesurf.pl\/sklep\/vouchery-prezentowe\/\" target=\"_self\" rel=\"nofollow\"\n\t\t\t\t\t\t\t\tdata-type=\"button\"\n\t\t\t\t\t\t\t\tdata-color=\"#092721\"\n\t\t\t\t\t\t\t\tdata-rsp_ch=\"on\"\n\t\t\t\t\t\t\t\tdata-xy=\"x:93px;y:318px;\"\n\t\t\t\t\t\t\t\tdata-text=\"w:normal;s:14;l:50;fw:700;a:center;\"\n\t\t\t\t\t\t\t\tdata-dim=\"w:155px;h:50px;minh:0px;\"\n\t\t\t\t\t\t\t\tdata-padding=\"r:20;l:20;\"\n\t\t\t\t\t\t\t\tdata-frame_999=\"o:0;st:9000;\"\n\t\t\t\t\t\t\t\tdata-frame_hover=\"c:#000;bgc:#fff;bor:0px,0px,0px,0px;sp:200;e:Power1.easeInOut;\"\n\t\t\t\t\t\t\t\tstyle=\"z-index:5;background-color:#ffe254;font-family:Roboto;\"\n\t\t\t\t\t\t\t>SPRAWD\u0179 TERAZ \n\t\t\t\t\t\t\t<\/a><!--\n-->\t\t\t\t\t\t<\/rs-slide>\n\t\t\t\t\t<\/rs-slides>\n\t\t\t\t\t<rs-static-layers><!--\n\t\t\t\t\t--><\/rs-static-layers>\n\t\t\t\t\t<rs-progress class=\"rs-bottom\" style=\"visibility: hidden !important;\"><\/rs-progress>\n\t\t\t\t<\/rs-module>\n\t\t\t\t<script type=\"text\/javascript\">\n\t\t\t\t\tsetREVStartSize({c: 'rev_slider_2_1',rl:[1240,1024,778,480],el:[500],gw:[1366],gh:[500],layout:'fullwidth',mh:\"0\"});\n\t\t\t\t\tvar\trevapi2,\n\t\t\t\t\t\ttpj;\n\t\t\t\t\tjQuery(function() {\n\t\t\t\t\t\ttpj = jQuery;\n\t\t\t\t\t\tif(tpj(\"#rev_slider_2_1\").revolution == undefined){\n\t\t\t\t\t\t\trevslider_showDoubleJqueryError(\"#rev_slider_2_1\");\n\t\t\t\t\t\t}else{\n\t\t\t\t\t\t\trevapi2 = tpj(\"#rev_slider_2_1\").show().revolution({\n\t\t\t\t\t\t\t\tjsFileLocation:\"\/\/www.kitesurf.pl\/sklep\/wp-content\/plugins\/revslider\/public\/assets\/js\/\",\n\t\t\t\t\t\t\t\tduration:\"13000ms\",\n\t\t\t\t\t\t\t\tvisibilityLevels:\"1240,1024,778,480\",\n\t\t\t\t\t\t\t\tgridwidth:1366,\n\t\t\t\t\t\t\t\tgridheight:500,\n\t\t\t\t\t\t\t\tminHeight:\"\",\n\t\t\t\t\t\t\t\thideSliderAtLimit:1025,\n\t\t\t\t\t\t\t\thideLayerAtLimit:1025,\n\t\t\t\t\t\t\t\thideAllLayerAtLimit:1025,\n\t\t\t\t\t\t\t\tspinner:\"spinner0\",\n\t\t\t\t\t\t\t\teditorheight:\"500,368,480,480\",\n\t\t\t\t\t\t\t\tresponsiveLevels:\"1240,1024,778,480\",\n\t\t\t\t\t\t\t\tdisableProgressBar:\"on\",\n\t\t\t\t\t\t\t\tnavigation: {\n\t\t\t\t\t\t\t\t\tmouseScrollNavigation:false,\n\t\t\t\t\t\t\t\t\tonHoverStop:false,\n\t\t\t\t\t\t\t\t\ttouch: {\n\t\t\t\t\t\t\t\t\t\ttouchenabled:true,\n\t\t\t\t\t\t\t\t\t\ttouchOnDesktop:true\n\t\t\t\t\t\t\t\t\t},\n\t\t\t\t\t\t\t\t\tarrows: {\n\t\t\t\t\t\t\t\t\t\tenable:true,\n\t\t\t\t\t\t\t\t\t\ttmp:\"<div class=\\\"tp-arr-allwrapper\\\">\t<div class=\\\"tp-arr-imgholder\\\"><\/div><\/div>\",\n\t\t\t\t\t\t\t\t\t\tstyle:\"hades\",\n\t\t\t\t\t\t\t\t\t\thide_onmobile:true,\n\t\t\t\t\t\t\t\t\t\thide_under:\"600px\",\n\t\t\t\t\t\t\t\t\t\tleft: {\n\t\t\t\t\t\t\t\t\t\t\th_offset:0\n\t\t\t\t\t\t\t\t\t\t},\n\t\t\t\t\t\t\t\t\t\tright: {\n\t\t\t\t\t\t\t\t\t\t\th_offset:0,\n\t\t\t\t\t\t\t\t\t\t\tv_offset:1\n\t\t\t\t\t\t\t\t\t\t}\n\t\t\t\t\t\t\t\t\t},\n\t\t\t\t\t\t\t\t\tbullets: {\n\t\t\t\t\t\t\t\t\t\tenable:true,\n\t\t\t\t\t\t\t\t\t\ttmp:\"\",\n\t\t\t\t\t\t\t\t\t\tstyle:\"custom\"\n\t\t\t\t\t\t\t\t\t}\n\t\t\t\t\t\t\t\t},\n\t\t\t\t\t\t\t});\n\t\t\t\t\t\t}\n\t\t\t\t\t\t\n\t\t\t\t\t});\n\t\t\t\t<\/script>\n\t\t\t\t<script>\n\t\t\t\t\tvar htmlDivCss = unescape(\"%23rev_slider_2_1_wrapper%20.hades.tparrows%20%7B%0A%09cursor%3Apointer%3B%0A%09background%3Argba%280%2C0%2C0%2C0.25%29%3B%0A%09width%3A100px%3B%0A%09height%3A100px%3B%0A%09position%3Aabsolute%3B%0A%09display%3Ablock%3B%0A%09z-index%3A1000%3B%0A%7D%0A%0A%23rev_slider_2_1_wrapper%20.hades.tparrows%3Abefore%20%7B%0A%09font-family%3A%20%27revicons%27%3B%0A%09font-size%3A30px%3B%0A%09color%3A%23ffffff%3B%0A%09display%3Ablock%3B%0A%09line-height%3A%20100px%3B%0A%09text-align%3A%20center%3B%0A%20%20transition%3A%20background%200.3s%2C%20color%200.3s%3B%0A%7D%0A%23rev_slider_2_1_wrapper%20.hades.tparrows.tp-leftarrow%3Abefore%20%7B%0A%09content%3A%20%27%5Ce824%27%3B%0A%7D%0A%23rev_slider_2_1_wrapper%20.hades.tparrows.tp-rightarrow%3Abefore%20%7B%0A%09content%3A%20%27%5Ce825%27%3B%0A%7D%0A%0A%23rev_slider_2_1_wrapper%20.hades.tparrows%3Ahover%3Abefore%20%7B%0A%20%20%20color%3Argba%280%2C0%2C0%2C0.5%29%3B%0A%20%20%20background%3A%23ffe254%3B%0A%20%7D%0A%23rev_slider_2_1_wrapper%20.hades%20.tp-arr-allwrapper%20%7B%0A%20%20position%3Aabsolute%3B%0A%20%20left%3A100%25%3B%0A%20%20top%3A0px%3B%0A%20%20background%3A%23888%3B%20%0A%20%20width%3A100px%3Bheight%3A100px%3B%0A%20%20-webkit-transition%3A%20all%200.3s%3B%0A%20%20transition%3A%20all%200.3s%3B%0A%20%20-ms-filter%3A%20%27progid%3Adximagetransform.microsoft.alpha%28opacity%3D0%29%27%3B%0A%20%20filter%3A%20alpha%28opacity%3D0%29%3B%0A%20%20-moz-opacity%3A%200.0%3B%0A%20%20-khtml-opacity%3A%200.0%3B%0A%20%20opacity%3A%200.0%3B%0A%20%20-webkit-transform%3A%20rotatey%28-90deg%29%3B%0A%20%20transform%3A%20rotatey%28-90deg%29%3B%0A%20%20-webkit-transform-origin%3A%200%25%2050%25%3B%0A%20%20transform-origin%3A%200%25%2050%25%3B%0A%7D%0A%23rev_slider_2_1_wrapper%20.hades.tp-rightarrow%20.tp-arr-allwrapper%20%7B%0A%20%20%20left%3Aauto%3B%0A%20%20%20right%3A100%25%3B%0A%20%20%20-webkit-transform-origin%3A%20100%25%2050%25%3B%0A%20%20transform-origin%3A%20100%25%2050%25%3B%0A%20%20%20-webkit-transform%3A%20rotatey%2890deg%29%3B%0A%20%20transform%3A%20rotatey%2890deg%29%3B%0A%7D%0A%0A%23rev_slider_2_1_wrapper%20.hades%3Ahover%20.tp-arr-allwrapper%20%7B%0A%20%20%20-ms-filter%3A%20%27progid%3Adximagetransform.microsoft.alpha%28opacity%3D100%29%27%3B%0A%20%20filter%3A%20alpha%28opacity%3D100%29%3B%0A%20%20-moz-opacity%3A%201%3B%0A%20%20-khtml-opacity%3A%201%3B%0A%20%20opacity%3A%201%3B%20%20%0A%20%20%20%20-webkit-transform%3A%20rotatey%280deg%29%3B%0A%20%20transform%3A%20rotatey%280deg%29%3B%0A%0A%20%7D%0A%20%20%20%20%0A%23rev_slider_2_1_wrapper%20.hades%20.tp-arr-iwrapper%20%7B%0A%7D%0A%23rev_slider_2_1_wrapper%20.hades%20.tp-arr-imgholder%20%7B%0A%20%20background-size%3Acover%3B%0A%20%20position%3Aabsolute%3B%0A%20%20top%3A0px%3Bleft%3A0px%3B%0A%20%20width%3A100%25%3Bheight%3A100%25%3B%0A%7D%0A%23rev_slider_2_1_wrapper%20.hades%20.tp-arr-titleholder%20%7B%0A%7D%0A%23rev_slider_2_1_wrapper%20.hades%20.tp-arr-subtitleholder%20%7B%0A%7D%0A%0A.custom.tp-bullets%20%7B%0A%7D%0A.custom.tp-bullets%3Abefore%20%7B%0A%09content%3A%27%20%27%3B%0A%09position%3Aabsolute%3B%0A%09width%3A100%25%3B%0A%09height%3A100%25%3B%0A%09background%3Atransparent%3B%0A%09padding%3A10px%3B%0A%09margin-left%3A-10px%3Bmargin-top%3A-10px%3B%0A%09box-sizing%3Acontent-box%3B%0A%7D%0A.custom%20.tp-bullet%20%7B%0A%09width%3A12px%3B%0A%09height%3A12px%3B%0A%09position%3Aabsolute%3B%0A%09background%3A%23aaa%3B%0A%20%20%20%20background%3Argba%28125%2C125%2C125%2C0.5%29%3B%0A%09cursor%3A%20pointer%3B%0A%09box-sizing%3Acontent-box%3B%0A%7D%0A.custom%20.tp-bullet%3Ahover%2C%0A.custom%20.tp-bullet.selected%20%7B%0A%09background%3Argb%28125%2C125%2C125%29%3B%0A%7D%0A.custom%20.tp-bullet-image%20%7B%0A%7D%0A.custom%20.tp-bullet-title%20%7B%0A%7D%0A%0A\");\n\t\t\t\t\tvar htmlDiv = document.getElementById('rs-plugin-settings-inline-css');\n\t\t\t\t\tif(htmlDiv) {\n\t\t\t\t\t\thtmlDiv.innerHTML = htmlDiv.innerHTML + htmlDivCss;\n\t\t\t\t\t}else{\n\t\t\t\t\t\tvar htmlDiv = document.createElement('div');\n\t\t\t\t\t\thtmlDiv.innerHTML = '<style>' + htmlDivCss + '<\/style>';\n\t\t\t\t\t\tdocument.getElementsByTagName('head')[0].appendChild(htmlDiv.childNodes[0]);\n\t\t\t\t\t}\n\t\t\t\t<\/script>\n\t\t\t\t<script>\n\t\t\t\t\tvar htmlDivCss = unescape(\"%0A%0A%0A%0A%0A%0A%0A%0A\");\n\t\t\t\t\tvar htmlDiv = document.getElementById('rs-plugin-settings-inline-css');\n\t\t\t\t\tif(htmlDiv) {\n\t\t\t\t\t\thtmlDiv.innerHTML = htmlDiv.innerHTML + htmlDivCss;\n\t\t\t\t\t}else{\n\t\t\t\t\t\tvar htmlDiv = document.createElement('div');\n\t\t\t\t\t\thtmlDiv.innerHTML = '<style>' + htmlDivCss + '<\/style>';\n\t\t\t\t\t\tdocument.getElementsByTagName('head')[0].appendChild(htmlDiv.childNodes[0]);\n\t\t\t\t\t}\n\t\t\t\t<\/script>\n\t\t\t<\/rs-module-wrap>\n\t\t\t<!-- END REVOLUTION SLIDER -->\n[\/vc_column_text][\/vc_column][\/vc_row][vc_row css=&#8221;.vc_custom_1585761069253{margin-top: -20px !important;}&#8221;][vc_column][\/vc_column][\/vc_row][vc_row css=&#8221;.vc_custom_1583933429707{margin-top: 20px !important;}&#8221;][vc_column][vc_column_text]<\/p>\n<h1 class=\"section-title big\">SKLEP KITESURFINGOWY KITE ZONE<\/h1>\n<div>\n<div class=\"section-title-post tiny\">Sprz\u0119t dla pocz\u0105tkuj\u0105cych i zaawansowanych kitesurfer\u00f3w<\/div>\n<div class=\"general-heading__line\"><\/div>\n<\/div>\n<p>[\/vc_column_text][\/vc_column][\/vc_row][vc_row el_class=&#8221;hover-greyscale&#8221;][vc_column width=&#8221;1\/3&#8243;][vc_single_image image=&#8221;476984&#8243; img_size=&#8221;400&#215;400&#8243; alignment=&#8221;center&#8221; onclick=&#8221;custom_link&#8221; link=&#8221;https:\/\/www.kitesurf.pl\/sklep\/odziez\/&#8221; label=&#8221;&#8221;][vc_btn title=&#8221;ODZIE\u017b&#8221; style=&#8221;custom&#8221; custom_background=&#8221;#ffffff&#8221; custom_text=&#8221;#000000&#8243; shape=&#8221;square&#8221; size=&#8221;xl&#8221; align=&#8221;center&#8221; button_block=&#8221;true&#8221; css=&#8221;.vc_custom_1757259098581{margin-top: -35px !important;}&#8221; link=&#8221;url:https%3A%2F%2Fwww.kitesurf.pl%2Fsklep%2Fodziez%2F|||&#8221; el_class=&#8221;bolder&#8221;][\/vc_column][vc_column width=&#8221;1\/3&#8243;][vc_single_image image=&#8221;486526&#8243; img_size=&#8221;400&#215;400&#8243; alignment=&#8221;center&#8221; onclick=&#8221;custom_link&#8221; link=&#8221;https:\/\/www.kitesurf.pl\/sklep\/vouchery-prezentowe\/&#8221; label=&#8221;&#8221;][vc_btn title=&#8221;VOUCHERY PREZENTOWE&#8221; style=&#8221;custom&#8221; custom_background=&#8221;#ffffff&#8221; custom_text=&#8221;#000000&#8243; shape=&#8221;square&#8221; size=&#8221;xl&#8221; align=&#8221;center&#8221; button_block=&#8221;true&#8221; css=&#8221;.vc_custom_1757259276036{margin-top: -35px !important;}&#8221; link=&#8221;url:https%3A%2F%2Fwww.kitesurf.pl%2Fsklep%2Fvouchery-prezentowe%2F|||&#8221; el_class=&#8221;bolder&#8221;][\/vc_column][vc_column width=&#8221;1\/3&#8243;][vc_single_image image=&#8221;486527&#8243; img_size=&#8221;400&#215;400&#8243; alignment=&#8221;center&#8221; onclick=&#8221;custom_link&#8221; link=&#8221;https:\/\/www.kitesurf.pl\/sklep\/deski-surfingowe\/&#8221;][vc_btn title=&#8221;DESKI SURFINGOWE&#8221; style=&#8221;custom&#8221; custom_background=&#8221;#ffffff&#8221; custom_text=&#8221;#000000&#8243; shape=&#8221;square&#8221; size=&#8221;xl&#8221; align=&#8221;center&#8221; button_block=&#8221;true&#8221; css=&#8221;.vc_custom_1585756709469{margin-top: -35px !important;}&#8221; link=&#8221;url:https%3A%2F%2Fwww.kitesurf.pl%2Fsklep%2Fdeski-surfingowe%2F|||&#8221; el_class=&#8221;bolder&#8221;][\/vc_column][\/vc_row][vc_row css=&#8221;.vc_custom_1583933080233{margin-top: 20px !important;margin-bottom: 20px !important;}&#8221;][vc_column][vc_column_text]<\/p>\n<h2 class=\"section-title medium\">POLECAMY<\/h2>\n<div>\n<div class=\"section-title-post tiny\">Przetestuj przed zakupem w naszej bazie na Kempingu Cha\u0142upy 3<\/div>\n<div class=\"general-heading__line\"><\/div>\n<\/div>\n<p>[\/vc_column_text][\/vc_column][\/vc_row][vc_row][vc_column]<div class=\"woocommerce columns-4 \"><\/div>[\/vc_column][\/vc_row][vc_row css=&#8221;.vc_custom_1585755337785{margin-top: 30px !important;margin-bottom: 0px !important;}&#8221;][vc_column][vc_column_text]<\/p>\n<h2 class=\"section-title medium\">O NAS<\/h2>\n<div>\n<div class=\"section-title-post tiny\">Zaufaj ponad 20-letniemu do\u015bwiadczeniu<\/div>\n<div class=\"general-heading__line\"><\/div>\n<\/div>\n<p>[\/vc_column_text][\/vc_column][\/vc_row][vc_row css=&#8221;.vc_custom_1585755252954{margin-top: 0px !important;margin-right: 15px !important;margin-bottom: 20px !important;background-color: #ffffff !important;}&#8221;][vc_column offset=&#8221;vc_col-lg-offset-0 vc_col-lg-12 vc_col-md-offset-3 vc_col-md-6 vc_col-sm-offset-2 vc_col-xs-12&#8243; css=&#8221;.vc_custom_1585755442991{margin-top: 0px !important;margin-right: 0px !important;margin-left: 20px !important;padding-top: -40px !important;}&#8221;][vc_column_text css=&#8221;.vc_custom_1757255039015{margin-top: 15px !important;margin-right: 5px !important;margin-bottom: 15px !important;margin-left: 5px !important;}&#8221;]<\/p>\n<h2>KITE ZONE &#8211; internetowy sklep kitesurfingowy<\/h2>\n<p>Poszukujesz pierwszego zestawu kitesurfingowego po \u015bwie\u017co uko\u0144czonym kursie kitesurfingu? Pragniesz wymieni\u0107 awaryjny sprz\u0119t, przez kt\u00f3ry tracisz cenne godziny na wodzie? Wybierasz si\u0119 na wyjazd kitesurfingowy i potrzebujesz wypo\u017cyczy\u0107 sprz\u0119t zdecydowanie taniej ni\u017c za granic\u0105? W naszym sklepie kitesurfingowym, znajdziesz wszystko czego potrzebujesz do rozwijania swojej kitesurfingowej pasji. Pocz\u0105wszy od podstawowych element\u00f3w wyposa\u017cenia jak trapez i leash, poprzez gotowe zestawy kitesurfingowe, a\u017c do desek foil, sup i surf dla pocz\u0105tkuj\u0105cych i zaawansowanych. Kite Zone to nie tylko sklep internetowy, ale r\u00f3wnie\u017c szko\u0142a kitesurfingu z centrum testowym w Cha\u0142upach. Dlaczego warto skorzysta\u0107 z oferty naszego sklepu?<\/p>\n<h2>Kite sklep prowadzony przez pasjonat\u00f3w z wieloletnim do\u015bwiadczeniem<\/h2>\n<p><strong>Sklep kitesurfingowy Kite Zone<\/strong> to ponad 20 lat do\u015bwiadczenia w sprzeda\u017cy sprz\u0119tu kitesurfingowego oraz nauk\u0105 kitesurfingu w Polsce. Od samego pocz\u0105tku oferujemy naszym klientom najwy\u017cszej jako\u015bci sprz\u0119t kitesurfingowy. Dzi\u0119ki du\u017cemu zaanga\u017cowaniu przy pomocy doboru odpowiedniego sprz\u0119tu zdobyli\u015bmy zaufanie wielu klient\u00f3w. Od lat cieszymy si\u0119 bardzo dobr\u0105 opini\u0105. Ka\u017cdego dnia doceniacie nas za to, \u017ce mo\u017cecie liczy\u0107 na fachow\u0105 pomoc i niskie ceny. Doradzamy, jak odpowiednio dobra\u0107 sprz\u0119t kitesurfingowy dla os\u00f3b pocz\u0105tkuj\u0105cych oraz tych z wi\u0119kszym do\u015bwiadczeniem. Bez problemu wska\u017cemy Wam, kt\u00f3ry latawiec do kitesurfingu b\u0119dzie w\u0142a\u015bciwy, jakiego rozmiaru desk\u0119 kitesurfingow\u0105 wybra\u0107 oraz w jakie akcesoria powinni\u015bcie si\u0119 wyposa\u017cy\u0107 po uko\u0144czeniu szkolenia kitesurfingowego. Dobry i dobrze dobrany sprz\u0119t jest gwarancj\u0105 czerpania pe\u0142ni satysfakcji ze sport\u00f3w wodnych. W naszej ofercie znajdziesz sprz\u0119t topowych marek jak: North, Naish, czy Cabrinha.<\/p>\n<h2>Szko\u0142a Kitesurfingu w Cha\u0142upach<\/h2>\n<p>Kite Zone to przede wszystkim szko\u0142a kitesurfingu z ponad 20-letni\u0105 tradycj\u0105. Znajdujemy si\u0119 na Kempingu Cha\u0142upy 3 po\u0142o\u017conym na P\u00f3\u0142wyspie Helskim. Dzi\u0119ki naszej pasji i zaanga\u017cowaniu budujemy serdeczne, a cz\u0119sto i przyjacielskie relacje z naszymi kursantami. Przed zakupem sprz\u0119tu mo\u017cesz um\u00f3wi\u0107 si\u0119 w naszej bazie na testowanie wybranych latawc\u00f3w i desek. W trakcie sezonu cyklicznie organizujemy darmowe testy sprz\u0119tu ciesz\u0105ce si\u0119 bardzo du\u017cym zainteresowaniem. Po sezonie letnim mo\u017cecie od nas zakupi\u0107 u\u017cywany sprz\u0119t kitesurfingowy w bardzo atrakcyjnych cenach, nawet -60% od detalu. Do zakupionego sprz\u0119tu kitesurfingowego w naszym sklepie oferujemy szereg korzy\u015bci takich jak: pakiety serwisowe, darmowe zaj\u0119cia doszkalaj\u0105ce, mo\u017cliwo\u015b\u0107 zwrotu zakupionego u\u017cywanego sprz\u0119tu czy te\u017c vouchery do wykorzystania w naszej szkole.<\/p>\n<h2>Gwarancja oraz przejrzysta polityka zwrot\u00f3w i wymiany<\/h2>\n<p>Produkty, kt\u00f3re oferujemy w naszym sklepie surfingowym obj\u0119te s\u0105 oryginaln\u0105 gwarancj\u0105 producenta lub dystrybutora. Gdyby, jaki\u015b produkt nie spe\u0142ni\u0142 oczekiwa\u0144, to kupuj\u0105cy ma prawo go wymieni\u0107 lub zwr\u00f3ci\u0107. Ka\u017cda reklamacja jest rozpatrywana maksymalnie do 14 dni kalendarzowych. Je\u015bli potrzebujecie pomocy z dopiero co zakupionym sprz\u0119tem, mo\u017cecie \u015bmia\u0142o do nas pisa\u0107 i dzwoni\u0107. Jeste\u015bmy po to, aby udzieli\u0107 Wam wsparcia przed, w trakcie i po zakupie.[\/vc_column_text][\/vc_column][\/vc_row][vc_row wrap_container=&#8221;yes&#8221; is_section=&#8221;yes&#8221; section_skin=&#8221;parallax&#8221; remove_margin_top=&#8221;yes&#8221; remove_border=&#8221;yes&#8221; css=&#8221;.vc_custom_1585755191929{border-top-width: 0px !important;border-bottom-width: 1px !important;border-top-color: #e3e4e4 !important;border-top-style: solid !important;border-bottom-color: #e3e4e4 !important;border-bottom-style: solid !important;}&#8221;][vc_column][vc_column_text]<\/p>\n<h2 class=\"section-title medium\">SPRAWDZONE MARKI<\/h2>\n<div>\n<div class=\"section-title-post tiny\">Sprawdzony sprz\u0119t renomowanych marek<\/div>\n<div class=\"general-heading__line\"><\/div>\n<\/div>\n<p>[\/vc_column_text]<div class=\"porto-carousel owl-carousel has-ccols ccols-xl-5 ccols-lg-4 ccols-md-3 ccols-sm-2 ccols-1 mb-0 nav-style-4\" data-plugin-options=\"{&quot;stagePadding&quot;:0,&quot;margin&quot;:0,&quot;autoplay&quot;:false,&quot;autoplayTimeout&quot;:5000,&quot;autoplayHoverPause&quot;:false,&quot;items&quot;:5,&quot;lg&quot;:4,&quot;md&quot;:3,&quot;sm&quot;:2,&quot;xs&quot;:1,&quot;nav&quot;:&quot;yes&quot;,&quot;dots&quot;:false,&quot;animateIn&quot;:&quot;&quot;,&quot;animateOut&quot;:&quot;&quot;,&quot;loop&quot;:false,&quot;center&quot;:false,&quot;video&quot;:false,&quot;lazyLoad&quot;:false,&quot;fullscreen&quot;:false}\">[vc_single_image image=&#8221;6970&#8243; img_size=&#8221;full&#8221; alignment=&#8221;center&#8221; el_class=&#8221;mb-0&#8243;][vc_single_image image=&#8221;6966&#8243; img_size=&#8221;full&#8221; alignment=&#8221;center&#8221; onclick=&#8221;custom_link&#8221; img_link_target=&#8221;_blank&#8221; el_class=&#8221;mb-0&#8243; link=&#8221;https:\/\/www.kitesurf.pl\/sklep\/marka\/cabrinha\/&#8221;][vc_single_image image=&#8221;6962&#8243; img_size=&#8221;full&#8221; alignment=&#8221;center&#8221; el_class=&#8221;mb-0&#8243;][vc_single_image image=&#8221;6967&#8243; img_size=&#8221;full&#8221; alignment=&#8221;center&#8221; el_class=&#8221;mb-0&#8243;]<\/div>[\/vc_column][\/vc_row]<\/p>\n","protected":false},"excerpt":{"rendered":"<p>[vc_row full_width=&#8221;stretch_row_content_no_spaces&#8221;][vc_column][vc_column_text][\/vc_column_text][\/vc_column][\/vc_row][vc_row css=&#8221;.vc_custom_1585761069253{margin-top: -20px !important;}&#8221;][vc_column][\/vc_column][\/vc_row][vc_row css=&#8221;.vc_custom_1583933429707{margin-top: 20px !important;}&#8221;][vc_column][vc_column_text] SKLEP KITESURFINGOWY KITE ZONE Sprz\u0119t dla pocz\u0105tkuj\u0105cych i zaawansowanych kitesurfer\u00f3w [\/vc_column_text][\/vc_column][\/vc_row][vc_row el_class=&#8221;hover-greyscale&#8221;][vc_column width=&#8221;1\/3&#8243;][vc_single_image image=&#8221;476984&#8243; img_size=&#8221;400&#215;400&#8243; alignment=&#8221;center&#8221; onclick=&#8221;custom_link&#8221; link=&#8221;https:\/\/www.kitesurf.pl\/sklep\/odziez\/&#8221; label=&#8221;&#8221;][vc_btn title=&#8221;ODZIE\u017b&#8221; style=&#8221;custom&#8221; custom_background=&#8221;#ffffff&#8221; custom_text=&#8221;#000000&#8243; shape=&#8221;square&#8221; size=&#8221;xl&#8221; align=&#8221;center&#8221; button_block=&#8221;true&#8221; css=&#8221;.vc_custom_1757259098581{margin-top: -35px !important;}&#8221; link=&#8221;url:https%3A%2F%2Fwww.kitesurf.pl%2Fsklep%2Fodziez%2F|||&#8221; el_class=&#8221;bolder&#8221;][\/vc_column][vc_column width=&#8221;1\/3&#8243;][vc_single_image image=&#8221;486526&#8243; img_size=&#8221;400&#215;400&#8243; alignment=&#8221;center&#8221; onclick=&#8221;custom_link&#8221; link=&#8221;https:\/\/www.kitesurf.pl\/sklep\/vouchery-prezentowe\/&#8221; label=&#8221;&#8221;][vc_btn title=&#8221;VOUCHERY PREZENTOWE&#8221; style=&#8221;custom&#8221; custom_background=&#8221;#ffffff&#8221; custom_text=&#8221;#000000&#8243; shape=&#8221;square&#8221; size=&#8221;xl&#8221; align=&#8221;center&#8221; [&hellip;]<\/p>\n","protected":false},"author":1,"featured_media":0,"parent":0,"menu_order":0,"comment_status":"closed","ping_status":"closed","template":"","meta":[],"_links":{"self":[{"href":"https:\/\/www.kitesurf.pl\/sklep\/wp-json\/wp\/v2\/pages\/9"}],"collection":[{"href":"https:\/\/www.kitesurf.pl\/sklep\/wp-json\/wp\/v2\/pages"}],"about":[{"href":"https:\/\/www.kitesurf.pl\/sklep\/wp-json\/wp\/v2\/types\/page"}],"author":[{"embeddable":true,"href":"https:\/\/www.kitesurf.pl\/sklep\/wp-json\/wp\/v2\/users\/1"}],"replies":[{"embeddable":true,"href":"https:\/\/www.kitesurf.pl\/sklep\/wp-json\/wp\/v2\/comments?post=9"}],"version-history":[{"count":88,"href":"https:\/\/www.kitesurf.pl\/sklep\/wp-json\/wp\/v2\/pages\/9\/revisions"}],"predecessor-version":[{"id":486544,"href":"https:\/\/www.kitesurf.pl\/sklep\/wp-json\/wp\/v2\/pages\/9\/revisions\/486544"}],"wp:attachment":[{"href":"https:\/\/www.kitesurf.pl\/sklep\/wp-json\/wp\/v2\/media?parent=9"}],"curies":[{"name":"wp","href":"https:\/\/api.w.org\/{rel}","templated":true}]}}