{"id":9593,"date":"2020-03-03T22:44:01","date_gmt":"2020-03-03T22:44:01","guid":{"rendered":"https:\/\/www.kitesurf.pl\/sklep\/?post_type=product&#038;p=9593"},"modified":"2026-04-01T13:09:23","modified_gmt":"2026-04-01T13:09:23","slug":"voucher-na-kurs-surfingu-rozszerzony","status":"publish","type":"product","link":"https:\/\/www.kitesurf.pl\/sklep\/vouchery-prezentowe\/voucher-na-kurs-surfingu-rozszerzony\/","title":{"rendered":"VOUCHER NA KURS SURFINGU &#8211; ROZSZERZONY"},"content":{"rendered":"","protected":false},"excerpt":{"rendered":"<section class=\"description-with-media section-description-with-media description-with-media-5781\">\n<div class=\"container description-with-media-widget\">\n<div class=\"row\">\n<div class=\"col-12 col-sm-9 text-column\">\n<p><strong>Spraw sobie lub bliskiej osobie oryginalny prezent kupuj\u0105c Voucher na kurs surfingu w szkole Paliki Surf! Dokonuj\u0105c p\u0142atno\u015bci online otrzymasz 10% rabatu na nasz\u0105 ofert\u0119 kurs\u00f3w.\u00a0<\/strong>Voucher na kurs wystawiamy na ozdobnym papierze i wysy\u0142amy na wskazany przez Ciebie adres. Dla 100% pewno\u015bci, \u017ce zd\u0105\u017cysz z prezentem na czas jeszcze tego samego dnia otrzymasz od nas Voucher w formie elektronicznej. W sekcji poni\u017cej znajdziesz kilka propozycji Voucher\u00f3w prezentowych, kt\u00f3re cieszy\u0142y si\u0119 w ostatnich latach najwi\u0119kszym zainteresowaniem. Przygotowali\u015bmy te\u017c dwa warianty cenowe \u2013 podstawowy\u00a0 i rozszerzony.<\/p>\n<\/div>\n<\/div>\n<\/div>\n<\/section>\n<section class=\"description-with-media section-description-with-media description-with-media-5783\">\n<div class=\"container description-with-media-widget\">\n<div class=\"row\">\n<div class=\"col-12 col-sm-9 text-column\">\n<p><b>Kupuj\u0105c Voucher nie musisz si\u0119 martwi\u0107 o sprawy organizacyjne! Obdarowana osoba ma a\u017c dwa lata na to aby um\u00f3wi\u0107 si\u0119 z nami na kurs surfingu w odpowiednim dla niej terminie!\u00a0<\/b>Potrzebujesz porady w doborze Vouchera ? Napisz do nas na czacie lub przedzwo\u0144! Pomo\u017cemy dobra\u0107 odpowiedni kurs surfingu i wariant :).<\/p>\n<\/div>\n<\/div>\n<\/div>\n<\/section>\n<h4>CZAS: 6 GODZIN<\/h4>\n<h4>SPRZ\u0118T, OPIEKA INSTRUKTORA I UBEZPIECZENIE W CENIE<\/h4>\n<h4>ZAJ\u0118CIA INDYWIDUALNE<\/h4>\n<p>&nbsp;<\/p>\n","protected":false},"featured_media":513897,"comment_status":"open","ping_status":"closed","template":"","meta":[],"brands":[],"_links":{"self":[{"href":"https:\/\/www.kitesurf.pl\/sklep\/wp-json\/wp\/v2\/product\/9593"}],"collection":[{"href":"https:\/\/www.kitesurf.pl\/sklep\/wp-json\/wp\/v2\/product"}],"about":[{"href":"https:\/\/www.kitesurf.pl\/sklep\/wp-json\/wp\/v2\/types\/product"}],"replies":[{"embeddable":true,"href":"https:\/\/www.kitesurf.pl\/sklep\/wp-json\/wp\/v2\/comments?post=9593"}],"wp:featuredmedia":[{"embeddable":true,"href":"https:\/\/www.kitesurf.pl\/sklep\/wp-json\/wp\/v2\/media\/513897"}],"wp:attachment":[{"href":"https:\/\/www.kitesurf.pl\/sklep\/wp-json\/wp\/v2\/media?parent=9593"}],"curies":[{"name":"wp","href":"https:\/\/api.w.org\/{rel}","templated":true}]}}